{"id":2025,"date":"2020-05-29T06:37:02","date_gmt":"2020-05-29T06:37:02","guid":{"rendered":"https:\/\/eltron.bolvo.com\/demo2\/?page_id=2025"},"modified":"2021-08-12T06:19:00","modified_gmt":"2021-08-12T06:19:00","slug":"service","status":"publish","type":"page","link":"https:\/\/lubtracsolutions.com\/wp\/service\/","title":{"rendered":"Servicios"},"content":{"rendered":"\t\t<div data-elementor-type=\"wp-page\" data-elementor-id=\"2025\" class=\"elementor elementor-2025\">\n\t\t\t\t\t\t<section class=\"elementor-section elementor-top-section elementor-element elementor-element-3c208e1 elementor-section-boxed elementor-section-height-default elementor-section-height-default\" data-id=\"3c208e1\" data-element_type=\"section\">\n\t\t\t\t\t\t<div class=\"elementor-container elementor-column-gap-default\">\n\t\t\t\t\t<div class=\"elementor-column elementor-col-100 elementor-top-column elementor-element elementor-element-3224bf3\" data-id=\"3224bf3\" data-element_type=\"column\">\n\t\t\t<div class=\"elementor-widget-wrap elementor-element-populated\">\n\t\t\t\t\t\t<div class=\"elementor-element elementor-element-7935792 elementor-widget elementor-widget-ucaddon_expertisesection\" data-id=\"7935792\" data-element_type=\"widget\" data-widget_type=\"ucaddon_expertisesection.default\">\n\t\t\t\t<div class=\"elementor-widget-container\">\n\t\t\t\n<!-- start Expertise Section -->\n\n<!-- Start of expertise section\n\t============================================= -->\n\t<section id=\"expertise\" class=\"expertise-section position-relative\">\n\t\t<div class=\"container\">\n\t\t\t<div class=\"expertise-content\">\n\t\t\t\t<div class=\"row\">\n\t\t\t\t\t<div class=\"col-lg-6 col-md-12\">\n\t\t\t\t\t\t<div class=\"expertise-text\">\n\t\t\t\t\t\t\t<div class=\"section-title-left\">\n\t\t\t\t\t\t\t\t<span class=\"title-tag\"><img decoding=\"async\" src=\"\/wp-content\/themes\/eltron\/assets\/icon\/icon5.svg\" alt=\"\"><\/span>\n\t\t\t\t\t\t\t\t<h2>Servicios<\/h2>\n\t\t\t\t\t\t\t<\/div>\n\t\t\t\t\t\t\t<div class=\"expertise-text-details\">\n\t\t\t\t\t\t\t\tEn Lubtrac contamos con un servicio planeado de ingenier\u00eda que consiste en aplicar sofisticadas herramientas y t\u00e9cnicas de inspecci\u00f3n para proteger los equipos y prolongar su vida \u00fatil, este servicio est\u00e1 a cargo de ingenieros altamente capacitados en el dominio de estas herramientas y t\u00e9cnicas.\n\t\t\t\t\t\t\t<\/div>\n\t\t\t\t\t\t\t<div class=\"expertise-skill-progress\">\n\t\t\t\t\t\t\t\t\n\t\t\t\t\t\t\t<\/div>\n\t\t\t\t\t\t<\/div>\n\t\t\t\t\t\t<div class=\"expertise-indicator-icon\">\n\t\t\t\t\t\t\t<div class=\"expertise-icon-item active\" data-target=\"#expertise_carouselid\" data-slide-to=\"0\">\n\t\t\t\t\t\t\t\t<svg xmlns=\"http:\/\/www.w3.org\/2000\/svg\" width=\"38\" height=\"50\" viewBox=\"0 0 38 50\">\n\t\t\t\t\t\t\t\t\t<path  class=\"cls-1\" d=\"M949.974,5715c2.54,0.01,5.079,0,7.619.01,0,1.29,0,2.59,0,3.88-0.626,0-1.25-.01-1.871-0.01,0-.62-0.007-1.25.006-1.87-1.3-.06-2.592-0.01-3.886-0.02,0,0.64,0,1.27-.014,1.9q-0.929-.015-1.851,0c-0.013-1.3-.02-2.59,0-3.89h0Zm-8.647,8.95a3.259,3.259,0,0,1,3.283-3.35c10.4,0,20.8-.02,31.2,0a3.36,3.36,0,0,1,2.982,4.37,3.537,3.537,0,0,1-2.154,2.29q0,6.135,0,12.28a3.475,3.475,0,0,1,0,6.76c0,4,.008,8,0,12a3.588,3.588,0,0,1,2.205,2.46,3.379,3.379,0,0,1-3.028,4.23q-15.6.015-31.2,0a3.264,3.264,0,0,1-3.243-2.87,3.383,3.383,0,0,1,3.019-3.92c1.849-.03,3.7-0.01,5.55-0.01,0.129,0.07.381,0.19,0.509,0.25a1.09,1.09,0,0,1-.535,1.7c-1.925.06-3.854,0-5.778,0.03a1.8,1.8,0,0,0-.916,1.48,1.491,1.491,0,0,0,1.61,1.42h30.525a1.494,1.494,0,0,0,1.687-1.44,1.888,1.888,0,0,0-.884-1.46,18.351,18.351,0,0,1-2.971-.11,1.133,1.133,0,0,1-.314-1.67,6.1,6.1,0,0,1,1.9-.23c-0.007-3.94-.026-7.88.011-11.81a12.354,12.354,0,0,1-1.825-.15,1.364,1.364,0,0,1-.252-1.26,5.612,5.612,0,0,1,.522-0.56c1.08-.05,2.17.06,3.247-0.07a1.5,1.5,0,0,0,.148-2.7c-1.114-.38-2.335.02-3.472-0.24a1,1,0,0,1-.485-1.15c0.239-.99,1.412-0.53,2.122-0.75-0.051-4.01-.018-8.03-0.016-12.05a5.41,5.41,0,0,1-1.92-.25,1.161,1.161,0,0,1,.321-1.66,29.151,29.151,0,0,1,2.962-.11,2.089,2.089,0,0,0,.887-1.24,1.427,1.427,0,0,0-1.429-1.63q-15.38,0-30.759,0a1.41,1.41,0,0,0-1.48.84,1.456,1.456,0,0,0,1.276,2.05c1.786,0.02,3.573,0,5.36.01l0.487,0.28a1.175,1.175,0,0,1-.518,1.7c-1.362-.03-2.725-0.02-4.085.01,0.017,3.18,0,6.37.008,9.56q-0.948.015-1.893,0c0.029-3.21.007-6.43,0.013-9.65a3.376,3.376,0,0,1-2.668-3.38h0Zm19.057,8.87a0.972,0.972,0,0,1,1.151.4c0.931,2.6,2.835,4.65,4.5,6.78a9.324,9.324,0,0,1,1.776,7.62,6.952,6.952,0,0,1-3.469,4.65,7.52,7.52,0,0,1-9.21-1.6,8.037,8.037,0,0,1-1.365-7.29,11.461,11.461,0,0,1,2.687-4.65,20.171,20.171,0,0,0,3.482-5.5,0.536,0.536,0,0,1,.451-0.41m0.27,3.41a56.95,56.95,0,0,1-3.723,5c-1.572,2.08-2.216,5.16-.8,7.5a5.49,5.49,0,0,0,6.393,2.22,5.108,5.108,0,0,0,3.352-3.53,7.291,7.291,0,0,0-1.6-6.53,46.068,46.068,0,0,1-3.475-4.69c-0.038.01-.108,0.02-0.144,0.03h0Zm-19.322,6.66a3.252,3.252,0,0,1,3.046-3.33c1.838,0,3.676-.03,5.515.02,0.944,0.01,1.03,1.59.157,1.82-1.887.14-3.785-.03-5.672,0.08a1.473,1.473,0,0,0-1.082,1.91,1.4,1.4,0,0,0,1.3.97c1.8,0.05,3.606-.07,5.4.05a1.132,1.132,0,0,1,.4,1.74,28.8,28.8,0,0,1-4.552.19c0.042,3.2.006,6.4,0.017,9.6h-1.887c0.025-3.21,0-6.43.016-9.64a3.415,3.415,0,0,1-2.67-3.41h0Zm15.984,1.95a1.211,1.211,0,0,1,1.268-.67,1.517,1.517,0,0,1,.783,1.43,2.516,2.516,0,0,0,1.433,1.79,1.179,1.179,0,0,1-.422,1.7h-0.589a4.921,4.921,0,0,1-2.473-4.25h0Z\" transform=\"translate(-941.313 -5715)\"\/>\n\t\t\t\t\t\t\t\t<\/svg>\n\t\t\t\t\t\t\t<\/div>\n\t\t\t\t\t\t\t<div  class=\"expertise-icon-item\" data-target=\"#expertise_carouselid\" data-slide-to=\"1\">\n\t\t\t\t\t\t\t\t<svg xmlns=\"http:\/\/www.w3.org\/2000\/svg\" width=\"43\" height=\"50\" viewBox=\"0 0 43 50\">\n\t\t\t\t\t\t\t\t\t<path  class=\"cls-1\" d=\"M957.416,5865.8a1.191,1.191,0,0,1,.9-0.69c1.609-.03,3.22-0.04,4.829.02a2.516,2.516,0,0,1,.565,1.91,9.055,9.055,0,0,1,5.174,3.8,11.664,11.664,0,0,1,1.653,6.24,4.082,4.082,0,0,0,.4,1.91,10.576,10.576,0,0,0,1.113-.22c0.226,0.06.454,0.14,0.684,0.21a1.167,1.167,0,0,1-.024,1.35,11.684,11.684,0,0,1-3.031,1.22,14.165,14.165,0,0,1-4.148,10.86,7.375,7.375,0,0,1-5.074,2.03,7.594,7.594,0,0,1-4.936-1.98,12,12,0,0,1-3.245-5.07,6.444,6.444,0,0,1-.523-3.47,1.622,1.622,0,0,1,1.409-.08,29.686,29.686,0,0,0,1.37,4.23,7.879,7.879,0,0,0,4.333,4.23,5.457,5.457,0,0,0,5.492-1.32c2.427-2.24,3.416-5.65,3.574-8.9a50.883,50.883,0,0,1-6.627.69,30.22,30.22,0,0,1-12.977-2.37,1.432,1.432,0,0,1,.032-1.43c0.228-.08.457-0.14,0.689-0.21a2.908,2.908,0,0,0,1.132.18,3.667,3.667,0,0,0,.308-1.41,12.348,12.348,0,0,1,1.8-6.83,9.121,9.121,0,0,1,5.112-3.68c0.013-.41.021-0.82,0.021-1.22m1.261,11.06c-0.6-.03-1.2-0.05-1.8-0.08,0.086-2.57.32-5.14,0.388-7.71a6.8,6.8,0,0,0-3.884,3.39,11.212,11.212,0,0,0-1.054,5.28,5.108,5.108,0,0,1-.5,2,32.691,32.691,0,0,0,17.417,0,4.867,4.867,0,0,1-.489-2.02,11.1,11.1,0,0,0-1.21-5.52,6.4,6.4,0,0,0-3.783-3.11c0.184,2.56.31,5.13,0.439,7.7-0.605.02-1.208,0.05-1.811,0.05-0.169-3.27-.378-6.54-0.521-9.81a15.031,15.031,0,0,0-2.6-.11c-0.272,3.3-.38,6.62-0.591,9.94h0Zm-6.789,17.8a1.082,1.082,0,0,1,1.31.39c0.957,1.87,1.853,3.78,2.772,5.68a2.673,2.673,0,0,1,.27-0.06c1.153-1.38,2.336-2.72,3.491-4.09a0.866,0.866,0,0,1,1.36-.14c1.291,1.37,2.482,2.83,3.7,4.26h0.3c0.746-1.76,1.644-3.44,2.444-5.17a3.393,3.393,0,0,1,.649-0.95,58.892,58.892,0,0,1,7.862,1.67,6.03,6.03,0,0,1,3.9,3.14,11.7,11.7,0,0,1,1.33,5.04c0.255,3.24.485,6.49,0.717,9.74a1.136,1.136,0,0,1-.894.89c-0.234-.09-0.468-0.18-0.7-0.26a9.282,9.282,0,0,1-.384-2.62c-0.154-2.65-.411-5.3-0.575-7.96a7.9,7.9,0,0,0-2.212-5.3,3.182,3.182,0,0,0-1.474-.81c-2.216-.58-4.44-1.14-6.694-1.54-0.911,2.01-1.931,3.98-2.867,5.98a1.288,1.288,0,0,1-.894.97,1.082,1.082,0,0,1-1.153-.85,14.774,14.774,0,0,0-1.272,1.37c0.31,3.38.833,6.74,1.206,10.11-0.055.87-.967,0.9-1.6,0.71a15.632,15.632,0,0,1-.561-3.31c-0.187-1.79-.487-3.56-0.626-5.35a1.749,1.749,0,0,1-1.56-.17c-0.272,2.57-.639,5.13-0.932,7.7a2.526,2.526,0,0,1-.28,1.01,6.491,6.491,0,0,1-.846.36c-0.253-.21-0.5-0.42-0.742-0.62,0.154-2.58.622-5.13,0.877-7.69a16.719,16.719,0,0,0,.249-2.76,7.638,7.638,0,0,0-1.252-1.37,1.09,1.09,0,0,1-.781.85,0.992,0.992,0,0,1-1.117-.73c-1.02-2.07-1.986-4.18-3.036-6.23a73.235,73.235,0,0,0-7.158,1.74c-1.914.86-2.755,3.09-3.072,5.06-0.329,3.52-.525,7.05-0.8,10.57a0.946,0.946,0,0,1-.645,1.02,1.084,1.084,0,0,1-1.206-.54c0.2-3.37.487-6.73,0.719-10.1a11.319,11.319,0,0,1,1.621-5.4,5.967,5.967,0,0,1,3.165-2.52c2.435-.69,4.9-1.25,7.383-1.72m6.281,6.56c0.7,0.97,1.579,1.8,2.3,2.76,0.711-.7,1.3-1.51,1.984-2.24,0.123-.18.435-0.42,0.226-0.64-0.628-.9-1.463-1.62-2.1-2.51a28.6,28.6,0,0,0-2.416,2.63h0Z\" transform=\"translate(-939 -5865.09)\"\/>\n\t\t\t\t\t\t\t\t<\/svg>\n\t\t\t\t\t\t\t<\/div>\n\t\t\t\t\t\t\t<div class=\"expertise-icon-item\" data-target=\"#expertise_carouselid\" data-slide-to=\"2\">\n\t\t\t\t\t\t\t\t<svg  data-name=\"Layer 1\" xmlns=\"http:\/\/www.w3.org\/2000\/svg\" viewBox=\"0 0 206.35 221.34\"><path class=\"cls-1\" d=\"M190.73,270.73l3.21-1.17A7.43,7.43,0,0,1,198,273c8.95,14.76,19.27,28.61,28.66,43.07A88.43,88.43,0,0,1,219,320.4c-8-12.68-16.92-24.84-25.11-37.42-1.67,1-2.4,3-3.51,4.51q-9.11,13.77-18.6,27.3c-7.35,10.52-12.52,23.14-11.68,36.18-.1,13.56,9.3,27,22.82,30a34.6,34.6,0,0,1-2,8.51,38.54,38.54,0,0,1-26.17-22.27c-5.72-13.65-4.1-29.48,1.69-42.83,3.61-8.74,9.47-16.23,14.75-24q10.11-14.6,19.55-29.63Z\" transform=\"translate(-151.19 -269.56)\"\/><path class=\"cls-1\" d=\"M312.29,270.63l2.54-.92c1.05.3,2.1.62,3.16.94,5.09,8.53,10.79,16.68,16.27,25s11.63,16,16.19,24.74c7,14,9.79,31.1,3.81,46a39,39,0,0,1-26.57,23.25,49.34,49.34,0,0,1-1.76-8.65A29.73,29.73,0,0,0,343,369.11c5.95-8.77,6.9-20.06,4.77-30.23-1.95-9.63-6.67-18.47-12.42-26.35-6.14-8.91-12.37-17.79-18.18-26.92-.72-.9-1.14-2.23-2.34-2.56-4.16,5.58-7.61,11.68-11.73,17.31-4.42,6.67-9.27,13.05-13.42,19.91a69.47,69.47,0,0,1-7.7-4.14c9.91-15.28,20.76-29.95,30.27-45.5Z\" transform=\"translate(-151.19 -269.56)\"\/><path class=\"cls-1\" d=\"M252.32,298.72c1.83-.48,4.35-.67,5.38,1.29,11.63,18.87,24.21,37.12,36.76,55.38,3.35,5,7.06,9.74,10.12,14.93,10.61,17.53,17.38,38,16.23,58.62-.68,15.85-6.57,31.84-17.89,43.19-12.25,13-30.52,19-48.09,18.75-17.65.45-36.08-5.41-48.55-18.27-9.89-9.6-15.82-22.82-17.69-36.38-2.58-17.25.84-35,7.74-50.87,6-14.64,16.1-27,24.84-40.06,9.87-14.52,19.83-29,29-44a7.62,7.62,0,0,1,2.17-2.57m1.76,12.45c-10.48,17.27-22.21,33.73-33.6,50.39-3.56,5.48-7.63,10.64-10.76,16.39a100.32,100.32,0,0,0-12.28,34c-2.8,16.18-.32,33.76,9,47.52,8.21,12.22,22.09,19.89,36.5,22,13.93,2.06,28.75.59,41.3-6.08,12.31-6.3,21.35-18.09,25.22-31.27,5.2-17,2.74-35.59-3.68-51.95-6.56-17.48-19-31.73-29-47.22-7.85-11.08-14.9-22.71-22.71-33.8Z\" transform=\"translate(-151.19 -269.56)\"\/><path class=\"cls-1\" d=\"M169.2,345.28c2.78.2,5.56.44,8.34.67-.23,6.27,1.17,13.3,6.8,17-1.36,2.31-2.62,4.68-3.81,7.09-9.4-3.9-12.27-15.45-11.33-24.72Z\" transform=\"translate(-151.19 -269.56)\"\/><path class=\"cls-1\" d=\"M331.2,345.88c2.79-.19,5.58-.42,8.38-.58.47,6.33-.41,13-3.95,18.41-1.89,2.72-4.3,5.4-7.63,6.26a69.29,69.29,0,0,0-3.72-7.22c5.89-3.34,7.08-10.69,6.92-16.87Z\" transform=\"translate(-151.19 -269.56)\"\/><path class=\"cls-1\" d=\"M252.34,366.63c2.25-1.19,4.51.09,6.11,1.69.15,2.25.24,4.51.3,6.77,8.74,1.88,15.73,10,15.54,19-.28.58-.82,1.76-1.1,2.34-2.42,2-7.07,1.73-7.48-2-.19-4.46-2.66-8.78-7-10.24-7.11-3.34-17.39,3.05-15.17,11.3,2.53,4.88,8.28,6.62,12.8,9.16,7,3.48,15.59,7.22,17.54,15.64,2.3,9.73-5.27,19.27-14.52,21.59-1.56,2,.38,5.71-1.85,7.62-1.38,1.93-3.92,1.05-5.89,1-1.85-2.51-1.11-5.69-1.79-8.47-9.11-2.28-17.45-11.73-14.46-21.46,1.78-.81,3.76-1.77,5.72-.9,3.41,2.46,1.52,7.68,4.73,10.32,4.3,4.86,12.88,5,17.15,0,3-2.89,3.79-8.44.25-11.21-7.6-6.52-18.52-8.16-25.22-15.88-5.16-5.94-4.25-15.35.8-21.06,2.79-3.63,7-5.69,11.35-6.86.29-2.82-1-6.88,2.24-8.39Z\" transform=\"translate(-151.19 -269.56)\"\/><path class=\"cls-1\" d=\"M208.85,426.91c-.09-2.37,2.09-3.43,3.92-4.25l2.82.92,1.64,2c.36,8.51,2.46,17.31,8,24,2.21,2.85,5.37,4.74,7.76,7.43,1,1.78-.15,3.66-.89,5.3-1.13.36-2.25.75-3.36,1.15-13.26-6.69-19.79-22.28-19.89-36.55Z\" transform=\"translate(-151.19 -269.56)\"\/><\/svg>\n\t\t\t\t\t\t\t<\/div>\n\t\t\t\t\t\t<\/div>\n\t\t\t\t\t<\/div>\n\t\t\t\t<\/div>\n\t\t\t<\/div>\n\t\t<\/div>\n\t\t<div class=\"ex-carousel\">\n\t\t\t<div id=\"expertise_carouselid\" class=\"carousel slide\" data-ride=\"carousel\">\n\t\t\t\t<div class=\"carousel-inner\">\n\t\t\t\t\t<div class=\"carousel-item active\">\n\t\t\t\t\t\t<img decoding=\"async\" src=\"https:\/\/lubtracsolutions.com\/wp\/wp-content\/uploads\/2021\/08\/0000473LUB_MaterialApoyo_Productos.jpg\" alt=\"\">\n\t\t\t\t\t<\/div>\n\t\t\t\t<\/div>\n\t\t\t<\/div>\n\t\t<\/div>\n\t<\/section>\n\t<div class=\"mission-area\">\n\t\t<div class=\"mission-text\">\n\t\t\t<div class=\"section-title-left\">\n\t\t\t\t<span class=\"title-tag\"><img decoding=\"async\" src=\"\/wp-content\/themes\/eltron\/assets\/icon\/icon5.svg\" alt=\"\"><\/span>\n\t\t\t\t<h2>Nos aseguramos de ofrecer a nuestros clientes un servicio con altos est\u00e1ndares de calidad.<\/h2>\n\t\t\t<\/div>\n\t\t<\/div>\n\t<\/div>\n<!-- End of expertise section\n\t============================================= -->\n<!-- end Expertise Section -->\t\t<\/div>\n\t\t\t\t<\/div>\n\t\t\t\t\t<\/div>\n\t\t<\/div>\n\t\t\t\t\t<\/div>\n\t\t<\/section>\n\t\t\t\t<section class=\"elementor-section elementor-top-section elementor-element elementor-element-0732732 elementor-section-full_width overflow-visible elementor-section-height-default elementor-section-height-default\" data-id=\"0732732\" data-element_type=\"section\">\n\t\t\t\t\t\t<div class=\"elementor-container elementor-column-gap-no\">\n\t\t\t\t\t<div class=\"elementor-column elementor-col-100 elementor-top-column elementor-element elementor-element-e44f3c1\" data-id=\"e44f3c1\" data-element_type=\"column\">\n\t\t\t<div class=\"elementor-widget-wrap elementor-element-populated\">\n\t\t\t\t\t\t<div class=\"elementor-element elementor-element-a8d3504 elementor-widget elementor-widget-ucaddon_featuresection\" data-id=\"a8d3504\" data-element_type=\"widget\" data-widget_type=\"ucaddon_featuresection.default\">\n\t\t\t\t<div class=\"elementor-widget-container\">\n\t\t\t\n<!-- start Feature Section -->\n<style>\/* widget: Feature Section *\/\n\n.feature-style-two .background_overlay {\n  background-color: #00B2A9;\n}\n.feature-section.feature-style-two {\n  background-image: url(https:\/\/lubtracsolutions.com\/wp\/wp-content\/uploads\/2021\/08\/white-bg.png);\n}\n\n\n<\/style>\n\n<!-- Start of feature section -->\n\t<section id=\"feature\" class=\"feature-section feature-style-two position-relative\">\n\t\t<div class=\"background_overlay\"><\/div>\n\t\t<div class=\"container\">\n\t\t\t<div class=\"section-title-left text-center\">\n\t\t\t\t<span class=\"title-tag\"><img decoding=\"async\" src=\"\/wp-content\/themes\/eltron\/assets\/icon\/icon5.svg\" alt=\"\"><\/span>\n\t\t\t\t<h2>Nuestros servicios<\/h2>\n\t\t\t<\/div>\n\t\t\t<!-- title -->\n\t\t\t<div class=\"features-content-two\">\n\t\t\t\t<div id=\"features-slide-id\" class=\"feature-slide-content\">\n\t\t\t\t\t<a href=\"service-item\/termografia\" class=\"link\">\n  <div class=\"feature-slide-icon-text  text-center\">\n\t<div class=\"feature-slide-icon\">\n\t\t<img decoding=\"async\" src=\"https:\/\/lubtracsolutions.com\/wp\/wp-content\/uploads\/2021\/08\/Lubtracsolutions_Icono_Termografia.png\" alt=\"\">\n\t<\/div>\n\t<div class=\"feature-slide-text pera-content headline\">\n\t\t<h3>Termograf\u00eda<\/h3>\n\t\t<p>Una c\u00e1mara que muestra en pantalla una imagen de la radiaci\u00f3n calor\u00edfica que emite un cuerpo.<\/p>\n  <\/div>\n<\/div>\n<\/a>\n\n<a href=\"service-item\/videoscopia\" class=\"link\">\n  <div class=\"feature-slide-icon-text  text-center\">\n\t<div class=\"feature-slide-icon\">\n\t\t<img decoding=\"async\" src=\"https:\/\/lubtracsolutions.com\/wp\/wp-content\/uploads\/2021\/08\/Lubtracsolutions_Icono_Videocopia.png\" alt=\"\">\n\t<\/div>\n\t<div class=\"feature-slide-text pera-content headline\">\n\t\t<h3>Videoscopio<\/h3>\n\t\t<p>Con \u00e9l se puede efectuar inspecciones visuales remotas, dentro de los componentes, sin necesidad de tener que desarmar los equipos.<\/p>\n  <\/div>\n<\/div>\n<\/a>\n\n<a href=\"service-item\/analisis-de-lubricante\" class=\"link\">\n  <div class=\"feature-slide-icon-text  text-center\">\n\t<div class=\"feature-slide-icon\">\n\t\t<img decoding=\"async\" src=\"https:\/\/lubtracsolutions.com\/wp\/wp-content\/uploads\/2021\/08\/Lubtracsolutions_Icono_Analisis-1.png\" alt=\"\">\n\t<\/div>\n\t<div class=\"feature-slide-text pera-content headline\">\n\t\t<h3>An\u00e1lisis de lubricante<\/h3>\n\t\t<p>Para conocer las propiedades del lubricante, las condiciones del equipo y los contaminantes que pueden afectar a estos<\/p>\n  <\/div>\n<\/div>\n<\/a>\n\n<a href=\"service-item\/capacitacion\" class=\"link\">\n  <div class=\"feature-slide-icon-text  text-center\">\n\t<div class=\"feature-slide-icon\">\n\t\t<img decoding=\"async\" src=\"https:\/\/lubtracsolutions.com\/wp\/wp-content\/uploads\/2021\/08\/Lubtracsolutions_Icono_Capacitacion.png\" alt=\"\">\n\t<\/div>\n\t<div class=\"feature-slide-text pera-content headline\">\n\t\t<h3>Capacitaciones<\/h3>\n\t\t<p>Servicios de capacitaci\u00f3n en Lubricaci\u00f3n y An\u00e1lisis de Aceite.<\/p>\n  <\/div>\n<\/div>\n<\/a>\n\n\n\t\t\t\t<\/div>\n\t\t\t<\/div>\n          \t\t\t<\/div>\n\t<\/section>\n<!-- End of feature section  -->\n<!-- end Feature Section -->\t\t<\/div>\n\t\t\t\t<\/div>\n\t\t\t\t\t<\/div>\n\t\t<\/div>\n\t\t\t\t\t<\/div>\n\t\t<\/section>\n\t\t\t\t<section class=\"elementor-section elementor-top-section elementor-element elementor-element-67f55eb elementor-section-boxed elementor-section-height-default elementor-section-height-default\" data-id=\"67f55eb\" data-element_type=\"section\">\n\t\t\t\t\t\t<div class=\"elementor-container elementor-column-gap-default\">\n\t\t\t\t\t<div class=\"elementor-column elementor-col-100 elementor-top-column elementor-element elementor-element-bd36024\" data-id=\"bd36024\" data-element_type=\"column\">\n\t\t\t<div class=\"elementor-widget-wrap elementor-element-populated\">\n\t\t\t\t\t\t<div class=\"elementor-element elementor-element-b12834d elementor-widget elementor-widget-spacer\" data-id=\"b12834d\" data-element_type=\"widget\" data-widget_type=\"spacer.default\">\n\t\t\t\t<div class=\"elementor-widget-container\">\n\t\t\t<style>\/*! elementor - v3.19.0 - 29-01-2024 *\/\n.elementor-column .elementor-spacer-inner{height:var(--spacer-size)}.e-con{--container-widget-width:100%}.e-con-inner>.elementor-widget-spacer,.e-con>.elementor-widget-spacer{width:var(--container-widget-width,var(--spacer-size));--align-self:var(--container-widget-align-self,initial);--flex-shrink:0}.e-con-inner>.elementor-widget-spacer>.elementor-widget-container,.e-con>.elementor-widget-spacer>.elementor-widget-container{height:100%;width:100%}.e-con-inner>.elementor-widget-spacer>.elementor-widget-container>.elementor-spacer,.e-con>.elementor-widget-spacer>.elementor-widget-container>.elementor-spacer{height:100%}.e-con-inner>.elementor-widget-spacer>.elementor-widget-container>.elementor-spacer>.elementor-spacer-inner,.e-con>.elementor-widget-spacer>.elementor-widget-container>.elementor-spacer>.elementor-spacer-inner{height:var(--container-widget-height,var(--spacer-size))}.e-con-inner>.elementor-widget-spacer.elementor-widget-empty,.e-con>.elementor-widget-spacer.elementor-widget-empty{position:relative;min-height:22px;min-width:22px}.e-con-inner>.elementor-widget-spacer.elementor-widget-empty .elementor-widget-empty-icon,.e-con>.elementor-widget-spacer.elementor-widget-empty .elementor-widget-empty-icon{position:absolute;top:0;bottom:0;left:0;right:0;margin:auto;padding:0;width:22px;height:22px}<\/style>\t\t<div class=\"elementor-spacer\">\n\t\t\t<div class=\"elementor-spacer-inner\"><\/div>\n\t\t<\/div>\n\t\t\t\t<\/div>\n\t\t\t\t<\/div>\n\t\t\t\t\t<\/div>\n\t\t<\/div>\n\t\t\t\t\t<\/div>\n\t\t<\/section>\n\t\t\t\t<\/div>\n\t\t","protected":false},"excerpt":{"rendered":"<p>Servicios En Lubtrac contamos con un servicio planeado de ingenier\u00eda que consiste en aplicar sofisticadas herramientas y t\u00e9cnicas de inspecci\u00f3n para proteger los equipos y prolongar su vida \u00fatil, este servicio est\u00e1 a cargo de ingenieros altamente capacitados en el dominio de estas herramientas y t\u00e9cnicas. Nos aseguramos de ofrecer a nuestros clientes un servicio&hellip;<\/p>\n","protected":false},"author":6,"featured_media":0,"parent":0,"menu_order":0,"comment_status":"closed","ping_status":"closed","template":"elementor_header_footer","meta":{"_monsterinsights_skip_tracking":false,"_monsterinsights_sitenote_active":false,"_monsterinsights_sitenote_note":"","_monsterinsights_sitenote_category":0,"footnotes":""},"class_list":["post-2025","page","type-page","status-publish","hentry"],"_links":{"self":[{"href":"https:\/\/lubtracsolutions.com\/wp\/wp-json\/wp\/v2\/pages\/2025","targetHints":{"allow":["GET"]}}],"collection":[{"href":"https:\/\/lubtracsolutions.com\/wp\/wp-json\/wp\/v2\/pages"}],"about":[{"href":"https:\/\/lubtracsolutions.com\/wp\/wp-json\/wp\/v2\/types\/page"}],"author":[{"embeddable":true,"href":"https:\/\/lubtracsolutions.com\/wp\/wp-json\/wp\/v2\/users\/6"}],"replies":[{"embeddable":true,"href":"https:\/\/lubtracsolutions.com\/wp\/wp-json\/wp\/v2\/comments?post=2025"}],"version-history":[{"count":28,"href":"https:\/\/lubtracsolutions.com\/wp\/wp-json\/wp\/v2\/pages\/2025\/revisions"}],"predecessor-version":[{"id":3014,"href":"https:\/\/lubtracsolutions.com\/wp\/wp-json\/wp\/v2\/pages\/2025\/revisions\/3014"}],"wp:attachment":[{"href":"https:\/\/lubtracsolutions.com\/wp\/wp-json\/wp\/v2\/media?parent=2025"}],"curies":[{"name":"wp","href":"https:\/\/api.w.org\/{rel}","templated":true}]}}